{"id":269,"date":"2018-05-28T13:38:00","date_gmt":"2018-05-28T13:38:00","guid":{"rendered":"https:\/\/www.ael-environnement.nc\/?page_id=269"},"modified":"2018-08-03T15:29:24","modified_gmt":"2018-08-03T04:29:24","slug":"newsletter","status":"publish","type":"page","link":"https:\/\/www.ael-environnement.nc\/fr\/newsletter\/","title":{"rendered":"Newsletter"},"content":{"rendered":"<p>  \n  \n  <div class=\"\n    mailpoet_form_popup_overlay\n      \"><\/div>\n  <div\n    id=\"mailpoet_form_1\"\n    class=\"\n      mailpoet_form\n      mailpoet_form_shortcode\n      mailpoet_form_position_\n      mailpoet_form_animation_\n    \"\n      >\n    \n    <style type=\"text\/css\">\n     .mailpoet_hp_email_label{display:none!important;}#mailpoet_form_1 .mailpoet_form {  }\n#mailpoet_form_1 .mailpoet_paragraph { line-height: 20px; }\n#mailpoet_form_1 .mailpoet_segment_label, #mailpoet_form_1 .mailpoet_text_label, #mailpoet_form_1 .mailpoet_textarea_label, #mailpoet_form_1 .mailpoet_select_label, #mailpoet_form_1 .mailpoet_radio_label, #mailpoet_form_1 .mailpoet_checkbox_label, #mailpoet_form_1 .mailpoet_list_label, #mailpoet_form_1 .mailpoet_date_label { display: block; font-weight: bold; }\n#mailpoet_form_1 .mailpoet_text, #mailpoet_form_1 .mailpoet_textarea, #mailpoet_form_1 .mailpoet_select, #mailpoet_form_1 .mailpoet_date_month, #mailpoet_form_1 .mailpoet_date_day, #mailpoet_form_1 .mailpoet_date_year, #mailpoet_form_1 .mailpoet_date { display: block; }\n#mailpoet_form_1 .mailpoet_text, #mailpoet_form_1 .mailpoet_textarea { width: 200px; }\n#mailpoet_form_1 .mailpoet_checkbox {  }\n#mailpoet_form_1 .mailpoet_submit input {  }\n#mailpoet_form_1 .mailpoet_divider {  }\n#mailpoet_form_1 .mailpoet_message {  }\n#mailpoet_form_1 .mailpoet_validate_success { color: #468847; }\n#mailpoet_form_1 .mailpoet_validate_error { color: #b94a48; }#mailpoet_form_1{;}#mailpoet_form_1 .mailpoet_message {margin: 0; padding: 0 20px;}#mailpoet_form_1 .mailpoet_paragraph.last {margin-bottom: 0} @media (max-width: 500px) {#mailpoet_form_1 {background-image: none;}} @media (min-width: 500px) {#mailpoet_form_1 .last .mailpoet_paragraph:last-child {margin-bottom: 0}}  @media (max-width: 500px) {#mailpoet_form_1 .mailpoet_form_column:last-child .mailpoet_paragraph:last-child {margin-bottom: 0}} \n    <\/style>\n\n    <form\n      target=\"_self\"\n      method=\"post\"\n      action=\"https:\/\/www.ael-environnement.nc\/wp-admin\/admin-post.php?action=mailpoet_subscription_form\"\n      class=\"mailpoet_form mailpoet_form_form mailpoet_form_shortcode\"\n      novalidate\n      data-delay=\"\"\n      data-exit-intent-enabled=\"\"\n      data-font-family=\"\"\n      data-cookie-expiration-time=\"\"\n    >\n      <input type=\"hidden\" name=\"data[form_id]\" value=\"1\" \/>\n      <input type=\"hidden\" name=\"token\" value=\"e3b5da30d8\" \/>\n      <input type=\"hidden\" name=\"api_version\" value=\"v1\" \/>\n      <input type=\"hidden\" name=\"endpoint\" value=\"subscribers\" \/>\n      <input type=\"hidden\" name=\"mailpoet_method\" value=\"subscribe\" \/>\n\n      <label class=\"mailpoet_hp_email_label\">Please leave this field empty<input type=\"email\" name=\"data[email]\"\/><\/label><div class=\"mailpoet_paragraph\"><label class=\"mailpoet_text_label\" data-automation-id=\"form_last_name_label\" >Nom <span class=\"mailpoet_required\">*<\/span><\/label><input type=\"text\" autocomplete=\"on\" class=\"mailpoet_text\" name=\"data[form_field_Mjc2Mzc1OTE5ZTk1X2xhc3RfbmFtZQ==]\" title=\"Nom\" value=\"\" data-automation-id=\"form_last_name\" data-parsley-names='[&quot;Please specify a valid name.&quot;,&quot;Addresses in names are not permitted, please add your name instead.&quot;]' data-parsley-required=\"true\" data-parsley-required-message=\"This field is required.\"\/><\/div>\n<div class=\"mailpoet_paragraph\"><label class=\"mailpoet_text_label\" data-automation-id=\"form_email_label\" >E-mail <span class=\"mailpoet_required\">*<\/span><\/label><input type=\"email\" autocomplete=\"email\" class=\"mailpoet_text\" name=\"data[form_field_OTZmZmQxNWE3NTk5X2VtYWls]\" title=\"E-mail\" value=\"\" data-automation-id=\"form_email\" data-parsley-required=\"true\" data-parsley-minlength=\"6\" data-parsley-maxlength=\"150\" data-parsley-error-message=\"Please specify a valid email address.\" data-parsley-required-message=\"This field is required.\"\/><\/div>\n<div class=\"mailpoet_paragraph\"><input type=\"submit\" class=\"mailpoet_submit\" value=\"Je m\u2019abonne\u00a0!\" data-automation-id=\"subscribe-submit-button\" style=\"border-color:transparent;\" \/><span class=\"mailpoet_form_loading\"><span class=\"mailpoet_bounce1\"><\/span><span class=\"mailpoet_bounce2\"><\/span><span class=\"mailpoet_bounce3\"><\/span><\/span><\/div>\n\n      <div class=\"mailpoet_message\">\n        <p class=\"mailpoet_validate_success\"\n                style=\"display:none;\"\n                >V\u00e9rifiez votre boite de r\u00e9ception ou votre r\u00e9pertoire d\u2019ind\u00e9sirables pour confirmer votre abonnement.\n        <\/p>\n        <p class=\"mailpoet_validate_error\"\n                style=\"display:none;\"\n                >        <\/p>\n      <\/div>\n    <\/form>\n  <\/div>\n\n  <\/p>","protected":false},"excerpt":{"rendered":"","protected":false},"author":1,"featured_media":0,"parent":0,"menu_order":0,"comment_status":"closed","ping_status":"closed","template":"template-parts\/common.php","meta":[],"yoast_head":"<!-- This site is optimized with the Yoast SEO plugin v20.6 - https:\/\/yoast.com\/wordpress\/plugins\/seo\/ -->\n<title>Newsletter - AEL\/LEA<\/title>\n<meta name=\"robots\" content=\"index, follow, max-snippet:-1, max-image-preview:large, max-video-preview:-1\" \/>\n<link rel=\"canonical\" href=\"https:\/\/www.ael-environnement.nc\/newsletter\/\" \/>\n<meta property=\"og:locale\" content=\"fr_FR\" \/>\n<meta property=\"og:type\" content=\"article\" \/>\n<meta property=\"og:title\" content=\"Newsletter - AEL\/LEA\" \/>\n<meta property=\"og:url\" content=\"https:\/\/www.ael-environnement.nc\/newsletter\/\" \/>\n<meta property=\"og:site_name\" content=\"AEL\/LEA\" \/>\n<meta property=\"article:modified_time\" content=\"2018-08-03T04:29:24+00:00\" \/>\n<meta name=\"twitter:card\" content=\"summary_large_image\" \/>\n<script type=\"application\/ld+json\" class=\"yoast-schema-graph\">{\"@context\":\"https:\/\/schema.org\",\"@graph\":[{\"@type\":\"WebPage\",\"@id\":\"https:\/\/www.ael-environnement.nc\/newsletter\/\",\"url\":\"https:\/\/www.ael-environnement.nc\/newsletter\/\",\"name\":\"Newsletter - AEL\/LEA\",\"isPartOf\":{\"@id\":\"https:\/\/www.ael-environnement.nc\/#website\"},\"datePublished\":\"2018-05-28T13:38:00+00:00\",\"dateModified\":\"2018-08-03T04:29:24+00:00\",\"breadcrumb\":{\"@id\":\"https:\/\/www.ael-environnement.nc\/newsletter\/#breadcrumb\"},\"inLanguage\":\"fr-FR\",\"potentialAction\":[{\"@type\":\"ReadAction\",\"target\":[\"https:\/\/www.ael-environnement.nc\/newsletter\/\"]}]},{\"@type\":\"BreadcrumbList\",\"@id\":\"https:\/\/www.ael-environnement.nc\/newsletter\/#breadcrumb\",\"itemListElement\":[{\"@type\":\"ListItem\",\"position\":1,\"name\":\"Home\",\"item\":\"https:\/\/www.ael-environnement.nc\/\"},{\"@type\":\"ListItem\",\"position\":2,\"name\":\"Newsletter\"}]},{\"@type\":\"WebSite\",\"@id\":\"https:\/\/www.ael-environnement.nc\/#website\",\"url\":\"https:\/\/www.ael-environnement.nc\/\",\"name\":\"AEL\/LEA\",\"description\":\"Nouvelle-Cal\u00e9donie\",\"potentialAction\":[{\"@type\":\"SearchAction\",\"target\":{\"@type\":\"EntryPoint\",\"urlTemplate\":\"https:\/\/www.ael-environnement.nc\/?s={search_term_string}\"},\"query-input\":\"required name=search_term_string\"}],\"inLanguage\":\"fr-FR\"}]}<\/script>\n<!-- \/ Yoast SEO plugin. -->","yoast_head_json":{"title":"Newsletter - AEL\/LEA","robots":{"index":"index","follow":"follow","max-snippet":"max-snippet:-1","max-image-preview":"max-image-preview:large","max-video-preview":"max-video-preview:-1"},"canonical":"https:\/\/www.ael-environnement.nc\/newsletter\/","og_locale":"fr_FR","og_type":"article","og_title":"Newsletter - AEL\/LEA","og_url":"https:\/\/www.ael-environnement.nc\/newsletter\/","og_site_name":"AEL\/LEA","article_modified_time":"2018-08-03T04:29:24+00:00","twitter_card":"summary_large_image","schema":{"@context":"https:\/\/schema.org","@graph":[{"@type":"WebPage","@id":"https:\/\/www.ael-environnement.nc\/newsletter\/","url":"https:\/\/www.ael-environnement.nc\/newsletter\/","name":"Newsletter - AEL\/LEA","isPartOf":{"@id":"https:\/\/www.ael-environnement.nc\/#website"},"datePublished":"2018-05-28T13:38:00+00:00","dateModified":"2018-08-03T04:29:24+00:00","breadcrumb":{"@id":"https:\/\/www.ael-environnement.nc\/newsletter\/#breadcrumb"},"inLanguage":"fr-FR","potentialAction":[{"@type":"ReadAction","target":["https:\/\/www.ael-environnement.nc\/newsletter\/"]}]},{"@type":"BreadcrumbList","@id":"https:\/\/www.ael-environnement.nc\/newsletter\/#breadcrumb","itemListElement":[{"@type":"ListItem","position":1,"name":"Home","item":"https:\/\/www.ael-environnement.nc\/"},{"@type":"ListItem","position":2,"name":"Newsletter"}]},{"@type":"WebSite","@id":"https:\/\/www.ael-environnement.nc\/#website","url":"https:\/\/www.ael-environnement.nc\/","name":"AEL\/LEA","description":"Nouvelle-Cal\u00e9donie","potentialAction":[{"@type":"SearchAction","target":{"@type":"EntryPoint","urlTemplate":"https:\/\/www.ael-environnement.nc\/?s={search_term_string}"},"query-input":"required name=search_term_string"}],"inLanguage":"fr-FR"}]}},"_links":{"self":[{"href":"https:\/\/www.ael-environnement.nc\/fr\/wp-json\/wp\/v2\/pages\/269"}],"collection":[{"href":"https:\/\/www.ael-environnement.nc\/fr\/wp-json\/wp\/v2\/pages"}],"about":[{"href":"https:\/\/www.ael-environnement.nc\/fr\/wp-json\/wp\/v2\/types\/page"}],"author":[{"embeddable":true,"href":"https:\/\/www.ael-environnement.nc\/fr\/wp-json\/wp\/v2\/users\/1"}],"replies":[{"embeddable":true,"href":"https:\/\/www.ael-environnement.nc\/fr\/wp-json\/wp\/v2\/comments?post=269"}],"version-history":[{"count":14,"href":"https:\/\/www.ael-environnement.nc\/fr\/wp-json\/wp\/v2\/pages\/269\/revisions"}],"predecessor-version":[{"id":386,"href":"https:\/\/www.ael-environnement.nc\/fr\/wp-json\/wp\/v2\/pages\/269\/revisions\/386"}],"wp:attachment":[{"href":"https:\/\/www.ael-environnement.nc\/fr\/wp-json\/wp\/v2\/media?parent=269"}],"curies":[{"name":"wp","href":"https:\/\/api.w.org\/{rel}","templated":true}]}}