{"id":52,"date":"2018-04-25T10:01:17","date_gmt":"2018-04-25T10:01:17","guid":{"rendered":"https:\/\/www.ael-environnement.nc\/?page_id=52"},"modified":"2018-05-06T06:34:05","modified_gmt":"2018-05-06T06:34:05","slug":"legal-notice","status":"publish","type":"page","link":"https:\/\/www.ael-environnement.nc\/fr\/legal-notice\/","title":{"rendered":"Mentions l\u00e9gales"},"content":{"rendered":"<p><strong>Edition :<\/strong><br \/>\nSoci\u00e9t\u00e9 : AEL\/LEA Nouvelle Cal\u00e9donie<br \/>\nAdresse postale : P\u00e9pini\u00e8re IRD Promenade Laroque BP A5 98848 Noum\u00e9a<\/p>\n<p><strong>Conception \/ R\u00e9alisation :<\/strong><br \/>\n<a href=\"http:\/\/www.creative.nc\/\" target=\"_blank\" rel=\"noopener\">Agence Cr\u00e9ative<\/a><br \/>\nT\u00e9l. 28 25 51 \u2013\u00a0<a href=\"mailto:contact@creative.nc\">contact@creative.nc<\/a><br \/>\nD\u00e9velopp\u00e9 par l\u2019agence\u00a0<a href=\"https:\/\/www.webcom.nc\/\" target=\"_blank\" rel=\"noopener\">WEBCOM<\/a><\/p>\n<p><strong>H\u00e9bergement du site :<\/strong><br \/>\n<a href=\"http:\/\/www.mls.nc\/\" target=\"_blank\" rel=\"noopener\">MLS<\/a><\/p>\n<p><strong>Informatique et libert\u00e9s<\/strong><br \/>\nToutes les donn\u00e9es collect\u00e9es sur ce site, par quelque moyen que ce soit, sont \u00e0 l\u2019usage r\u00e9serv\u00e9 de AEL\/LEA Nouvelle Cal\u00e9donie.<br \/>\nConform\u00e9ment \u00e0 l\u2019article 34 de la loi 78-17 Informatique et Libert\u00e9s du 6 janvier 1978, vous disposez d\u2019un droit d\u2019acc\u00e8s, de modification, de rectification et de suppression des donn\u00e9es vous concernant.<\/p>","protected":false},"excerpt":{"rendered":"<p>Edition : Soci\u00e9t\u00e9 : AEL\/LEA Nouvelle Cal\u00e9donie Adresse postale : P\u00e9pini\u00e8re IRD Promenade Laroque BP A5 98848 Noum\u00e9a Conception \/ R\u00e9alisation : Agence Cr\u00e9ative T\u00e9l. 28 25 51 \u2013\u00a0contact@creative.nc D\u00e9velopp\u00e9 par l\u2019agence\u00a0WEBCOM H\u00e9bergement du site : MLS Informatique et libert\u00e9s Toutes les donn\u00e9es collect\u00e9es sur ce site, par quelque moyen que ce soit, sont \u00e0 <\/p>\n<div class=\"gc-linkmore\"><a class=\"more-link\" href=\"https:\/\/www.ael-environnement.nc\/fr\/legal-notice\/\">lire la suite<span class=\"screen-reader-text\">\u00ab\u00a0Mentions l\u00e9gales\u00a0\u00bb<\/span><\/a><\/div>\n","protected":false},"author":1,"featured_media":0,"parent":0,"menu_order":0,"comment_status":"closed","ping_status":"closed","template":"template-parts\/common.php","meta":[],"yoast_head":"<!-- This site is optimized with the Yoast SEO plugin v20.6 - https:\/\/yoast.com\/wordpress\/plugins\/seo\/ -->\n<title>Mentions l\u00e9gales - AEL\/LEA<\/title>\n<meta name=\"robots\" content=\"index, follow, max-snippet:-1, max-image-preview:large, max-video-preview:-1\" \/>\n<link rel=\"canonical\" href=\"https:\/\/www.ael-environnement.nc\/fr\/legal-notice\/\" \/>\n<meta property=\"og:locale\" content=\"fr_FR\" \/>\n<meta property=\"og:type\" content=\"article\" \/>\n<meta property=\"og:title\" content=\"Mentions l\u00e9gales - AEL\/LEA\" \/>\n<meta property=\"og:description\" content=\"Edition : Soci\u00e9t\u00e9 : AEL\/LEA Nouvelle Cal\u00e9donie Adresse postale : P\u00e9pini\u00e8re IRD Promenade Laroque BP A5 98848 Noum\u00e9a Conception \/ R\u00e9alisation : Agence Cr\u00e9ative T\u00e9l. 28 25 51 \u2013\u00a0contact@creative.nc D\u00e9velopp\u00e9 par l\u2019agence\u00a0WEBCOM H\u00e9bergement du site : MLS Informatique et libert\u00e9s Toutes les donn\u00e9es collect\u00e9es sur ce site, par quelque moyen que ce soit, sont \u00e0 lire la suite&quot;Mentions l\u00e9gales&quot;\" \/>\n<meta property=\"og:url\" content=\"https:\/\/www.ael-environnement.nc\/fr\/legal-notice\/\" \/>\n<meta property=\"og:site_name\" content=\"AEL\/LEA\" \/>\n<meta property=\"article:modified_time\" content=\"2018-05-06T06:34:05+00:00\" \/>\n<meta name=\"twitter:card\" content=\"summary_large_image\" \/>\n<meta name=\"twitter:label1\" content=\"Dur\u00e9e de lecture estim\u00e9e\" \/>\n\t<meta name=\"twitter:data1\" content=\"1 minute\" \/>\n<script type=\"application\/ld+json\" class=\"yoast-schema-graph\">{\"@context\":\"https:\/\/schema.org\",\"@graph\":[{\"@type\":\"WebPage\",\"@id\":\"https:\/\/www.ael-environnement.nc\/fr\/legal-notice\/\",\"url\":\"https:\/\/www.ael-environnement.nc\/fr\/legal-notice\/\",\"name\":\"Mentions l\u00e9gales - AEL\/LEA\",\"isPartOf\":{\"@id\":\"https:\/\/www.ael-environnement.nc\/#website\"},\"datePublished\":\"2018-04-25T10:01:17+00:00\",\"dateModified\":\"2018-05-06T06:34:05+00:00\",\"breadcrumb\":{\"@id\":\"https:\/\/www.ael-environnement.nc\/fr\/legal-notice\/#breadcrumb\"},\"inLanguage\":\"fr-FR\",\"potentialAction\":[{\"@type\":\"ReadAction\",\"target\":[\"https:\/\/www.ael-environnement.nc\/fr\/legal-notice\/\"]}]},{\"@type\":\"BreadcrumbList\",\"@id\":\"https:\/\/www.ael-environnement.nc\/fr\/legal-notice\/#breadcrumb\",\"itemListElement\":[{\"@type\":\"ListItem\",\"position\":1,\"name\":\"Home\",\"item\":\"https:\/\/www.ael-environnement.nc\/\"},{\"@type\":\"ListItem\",\"position\":2,\"name\":\"Mentions l\u00e9gales\"}]},{\"@type\":\"WebSite\",\"@id\":\"https:\/\/www.ael-environnement.nc\/#website\",\"url\":\"https:\/\/www.ael-environnement.nc\/\",\"name\":\"AEL\/LEA\",\"description\":\"Nouvelle-Cal\u00e9donie\",\"potentialAction\":[{\"@type\":\"SearchAction\",\"target\":{\"@type\":\"EntryPoint\",\"urlTemplate\":\"https:\/\/www.ael-environnement.nc\/?s={search_term_string}\"},\"query-input\":\"required name=search_term_string\"}],\"inLanguage\":\"fr-FR\"}]}<\/script>\n<!-- \/ Yoast SEO plugin. -->","yoast_head_json":{"title":"Mentions l\u00e9gales - AEL\/LEA","robots":{"index":"index","follow":"follow","max-snippet":"max-snippet:-1","max-image-preview":"max-image-preview:large","max-video-preview":"max-video-preview:-1"},"canonical":"https:\/\/www.ael-environnement.nc\/fr\/legal-notice\/","og_locale":"fr_FR","og_type":"article","og_title":"Mentions l\u00e9gales - AEL\/LEA","og_description":"Edition : Soci\u00e9t\u00e9 : AEL\/LEA Nouvelle Cal\u00e9donie Adresse postale : P\u00e9pini\u00e8re IRD Promenade Laroque BP A5 98848 Noum\u00e9a Conception \/ R\u00e9alisation : Agence Cr\u00e9ative T\u00e9l. 28 25 51 \u2013\u00a0contact@creative.nc D\u00e9velopp\u00e9 par l\u2019agence\u00a0WEBCOM H\u00e9bergement du site : MLS Informatique et libert\u00e9s Toutes les donn\u00e9es collect\u00e9es sur ce site, par quelque moyen que ce soit, sont \u00e0 lire la suite\"Mentions l\u00e9gales\"","og_url":"https:\/\/www.ael-environnement.nc\/fr\/legal-notice\/","og_site_name":"AEL\/LEA","article_modified_time":"2018-05-06T06:34:05+00:00","twitter_card":"summary_large_image","twitter_misc":{"Dur\u00e9e de lecture estim\u00e9e":"1 minute"},"schema":{"@context":"https:\/\/schema.org","@graph":[{"@type":"WebPage","@id":"https:\/\/www.ael-environnement.nc\/fr\/legal-notice\/","url":"https:\/\/www.ael-environnement.nc\/fr\/legal-notice\/","name":"Mentions l\u00e9gales - AEL\/LEA","isPartOf":{"@id":"https:\/\/www.ael-environnement.nc\/#website"},"datePublished":"2018-04-25T10:01:17+00:00","dateModified":"2018-05-06T06:34:05+00:00","breadcrumb":{"@id":"https:\/\/www.ael-environnement.nc\/fr\/legal-notice\/#breadcrumb"},"inLanguage":"fr-FR","potentialAction":[{"@type":"ReadAction","target":["https:\/\/www.ael-environnement.nc\/fr\/legal-notice\/"]}]},{"@type":"BreadcrumbList","@id":"https:\/\/www.ael-environnement.nc\/fr\/legal-notice\/#breadcrumb","itemListElement":[{"@type":"ListItem","position":1,"name":"Home","item":"https:\/\/www.ael-environnement.nc\/"},{"@type":"ListItem","position":2,"name":"Mentions l\u00e9gales"}]},{"@type":"WebSite","@id":"https:\/\/www.ael-environnement.nc\/#website","url":"https:\/\/www.ael-environnement.nc\/","name":"AEL\/LEA","description":"Nouvelle-Cal\u00e9donie","potentialAction":[{"@type":"SearchAction","target":{"@type":"EntryPoint","urlTemplate":"https:\/\/www.ael-environnement.nc\/?s={search_term_string}"},"query-input":"required name=search_term_string"}],"inLanguage":"fr-FR"}]}},"_links":{"self":[{"href":"https:\/\/www.ael-environnement.nc\/fr\/wp-json\/wp\/v2\/pages\/52"}],"collection":[{"href":"https:\/\/www.ael-environnement.nc\/fr\/wp-json\/wp\/v2\/pages"}],"about":[{"href":"https:\/\/www.ael-environnement.nc\/fr\/wp-json\/wp\/v2\/types\/page"}],"author":[{"embeddable":true,"href":"https:\/\/www.ael-environnement.nc\/fr\/wp-json\/wp\/v2\/users\/1"}],"replies":[{"embeddable":true,"href":"https:\/\/www.ael-environnement.nc\/fr\/wp-json\/wp\/v2\/comments?post=52"}],"version-history":[{"count":11,"href":"https:\/\/www.ael-environnement.nc\/fr\/wp-json\/wp\/v2\/pages\/52\/revisions"}],"predecessor-version":[{"id":221,"href":"https:\/\/www.ael-environnement.nc\/fr\/wp-json\/wp\/v2\/pages\/52\/revisions\/221"}],"wp:attachment":[{"href":"https:\/\/www.ael-environnement.nc\/fr\/wp-json\/wp\/v2\/media?parent=52"}],"curies":[{"name":"wp","href":"https:\/\/api.w.org\/{rel}","templated":true}]}}